{"id":3,"date":"2020-02-19T08:43:34","date_gmt":"2020-02-19T08:43:34","guid":{"rendered":"https:\/\/11autoparts.com\/?page_id=3"},"modified":"2025-06-23T09:06:01","modified_gmt":"2025-06-23T09:06:01","slug":"privacy-policy","status":"publish","type":"page","link":"https:\/\/11autoparts.com\/fr\/privacy-policy\/","title":{"rendered":"politique de confidentialit\u00e9"},"content":{"rendered":"<h2 class=\"wp-block-heading\">Qui sommes-nous<\/h2><p>L&#039;adresse de notre site Web est\u00a0: https:\/\/themes.muffingroup.com\/be\/rallydriver.<\/p><h2 class=\"wp-block-heading\">Quelles donn\u00e9es personnelles nous collectons et pourquoi nous les collectons<\/h2><h3 class=\"wp-block-heading\">Commentaires<\/h3><p>Lorsque les visiteurs laissent des commentaires sur le site, nous collectons les donn\u00e9es affich\u00e9es dans le formulaire de commentaires, ainsi que l&#039;adresse IP du visiteur et la cha\u00eene de l&#039;agent utilisateur du navigateur pour aider \u00e0 la d\u00e9tection du spam.<\/p><p>Une cha\u00eene anonymis\u00e9e cr\u00e9\u00e9e \u00e0 partir de votre adresse e-mail (\u00e9galement appel\u00e9e hachage) peut \u00eatre fournie au service Gravatar pour v\u00e9rifier si vous l&#039;utilisez. La politique de confidentialit\u00e9 du service Gravatar est disponible ici\u00a0: https:\/\/automattic.com\/privacy\/. Apr\u00e8s validation de votre commentaire, votre photo de profil sera visible publiquement \u00e0 c\u00f4t\u00e9 de votre commentaire.<\/p><h3 class=\"wp-block-heading\">M\u00e9dias<\/h3><p>Si vous t\u00e9l\u00e9chargez des images sur le site web, \u00e9vitez celles contenant des donn\u00e9es de localisation EXIF GPS. Les visiteurs du site web peuvent t\u00e9l\u00e9charger et extraire ces donn\u00e9es de localisation.<\/p><h3 class=\"wp-block-heading\">Formulaires de contact<\/h3><h3 class=\"wp-block-heading\">Cookies<\/h3><p>Si vous laissez un commentaire sur notre site, vous pouvez choisir d&#039;enregistrer votre nom, votre adresse e-mail et votre site web dans des cookies. Ces cookies sont uniquement destin\u00e9s \u00e0 votre confort afin de vous \u00e9viter d&#039;avoir \u00e0 les saisir \u00e0 nouveau lorsque vous laisserez un autre commentaire. Ces cookies dureront un an.<\/p><p>Si vous visitez notre page de connexion, nous installerons un cookie temporaire afin de d\u00e9terminer si votre navigateur accepte les cookies. Ce cookie ne contient aucune donn\u00e9e personnelle et sera supprim\u00e9 lorsque vous fermerez votre navigateur.<\/p><p>Lorsque vous vous connectez, nous utilisons \u00e9galement plusieurs cookies pour enregistrer vos informations de connexion et vos pr\u00e9f\u00e9rences d&#039;affichage. La dur\u00e9e de vie d&#039;un cookie de connexion est de deux jours et celle d&#039;un cookie d&#039;option d&#039;affichage est d&#039;un an. Si vous cochez \u00ab\u00a0Se souvenir de moi\u00a0\u00bb, votre connexion sera conserv\u00e9e pendant deux semaines. Si vous vous d\u00e9connectez de votre compte, les cookies de connexion seront supprim\u00e9s.<\/p><p>Si vous modifiez ou publiez un article, un cookie suppl\u00e9mentaire sera enregistr\u00e9 dans votre navigateur. Ce cookie ne contient aucune donn\u00e9e personnelle et indique simplement l&#039;identifiant de l&#039;article que vous venez de modifier. Il expire au bout d&#039;un jour.<\/p><h3 class=\"wp-block-heading\">Contenu int\u00e9gr\u00e9 provenant d&#039;autres sites Web<\/h3><p>Les articles de ce site peuvent inclure du contenu int\u00e9gr\u00e9 (par exemple, des vid\u00e9os, des images, des articles, etc.). Le contenu int\u00e9gr\u00e9 provenant d&#039;autres sites web se comporte exactement de la m\u00eame mani\u00e8re que si le visiteur se rendait sur cet autre site.<\/p><p>Ces sites Web peuvent collecter des donn\u00e9es vous concernant, utiliser des cookies, int\u00e9grer un suivi tiers suppl\u00e9mentaire et surveiller votre interaction avec ce contenu int\u00e9gr\u00e9, y compris le suivi de votre interaction avec le contenu int\u00e9gr\u00e9 si vous avez un compte et \u00eates connect\u00e9 \u00e0 ce site Web.<\/p><h3 class=\"wp-block-heading\">Analytique<\/h3><h2 class=\"wp-block-heading\">Avec qui partageons-nous vos donn\u00e9es<\/h2><h2 class=\"wp-block-heading\">Combien de temps conservons-nous vos donn\u00e9es<\/h2><p>Si vous laissez un commentaire, celui-ci et ses m\u00e9tadonn\u00e9es sont conserv\u00e9s ind\u00e9finiment. Cela nous permet de reconna\u00eetre et d&#039;approuver automatiquement les commentaires suivants, au lieu de les laisser dans la file de mod\u00e9ration.<\/p><p>Pour les utilisateurs qui s&#039;inscrivent sur notre site web (le cas \u00e9ch\u00e9ant), nous stockons \u00e9galement les informations personnelles qu&#039;ils fournissent dans leur profil. Tous les utilisateurs peuvent consulter, modifier ou supprimer leurs informations personnelles \u00e0 tout moment (\u00e0 l&#039;exception de leur nom d&#039;utilisateur). Les administrateurs du site web peuvent \u00e9galement consulter et modifier ces informations.<\/p><h2 class=\"wp-block-heading\">Quels droits avez-vous sur vos donn\u00e9es<\/h2><p>Si vous avez un compte sur ce site ou si vous avez laiss\u00e9 des commentaires, vous pouvez demander \u00e0 recevoir un fichier contenant toutes les donn\u00e9es personnelles que nous d\u00e9tenons \u00e0 votre sujet, y compris celles que vous nous avez fournies. Vous pouvez \u00e9galement demander la suppression de toutes les donn\u00e9es personnelles vous concernant. Cela ne prend pas en compte les donn\u00e9es que nous sommes tenus de conserver \u00e0 des fins administratives, l\u00e9gales ou de s\u00e9curit\u00e9.<\/p><h2 class=\"wp-block-heading\">O\u00f9 nous envoyons vos donn\u00e9es<\/h2><p>Les commentaires des visiteurs peuvent \u00eatre v\u00e9rifi\u00e9s via un service automatis\u00e9 de d\u00e9tection de spam.<\/p><h2 class=\"wp-block-heading\">Vos coordonn\u00e9es<\/h2><h2 class=\"wp-block-heading\">Informations Compl\u00e9mentaires<\/h2><h3 class=\"wp-block-heading\">Comment nous prot\u00e9geons vos donn\u00e9es<\/h3><h3 class=\"wp-block-heading\">Quelles proc\u00e9dures de violation de donn\u00e9es avons-nous mises en place\u00a0?<\/h3><h3 class=\"wp-block-heading\">De quels tiers recevons-nous des donn\u00e9es ?<\/h3><h3 class=\"wp-block-heading\">Quelles d\u00e9cisions automatis\u00e9es et\/ou profilages effectuons-nous avec les donn\u00e9es des utilisateurs ?<\/h3><h3 class=\"wp-block-heading\">Exigences r\u00e9glementaires de divulgation de l&#039;industrie<\/h3>","protected":false},"excerpt":{"rendered":"<p>Who we are Our website address is: https:\/\/themes.muffingroup.com\/be\/rallydriver. What personal data we collect and why we collect it Comments When visitors leave comments on the site<span class=\"excerpt-hellip\"> [\u2026]<\/span><\/p>","protected":false},"author":1,"featured_media":0,"parent":0,"menu_order":0,"comment_status":"open","ping_status":"closed","template":"","meta":{"footnotes":""},"class_list":["post-3","page","type-page","status-publish","hentry"],"yoast_head":"<!-- This site is optimized with the Yoast SEO plugin v24.9 - https:\/\/yoast.com\/wordpress\/plugins\/seo\/ -->\n<title>Privacy Policy - 11 Auto Parts<\/title>\n<meta name=\"robots\" content=\"index, follow, max-snippet:-1, max-image-preview:large, max-video-preview:-1\" \/>\n<link rel=\"canonical\" href=\"https:\/\/11autoparts.com\/fr\/privacy-policy\/\" \/>\n<meta property=\"og:locale\" content=\"fr_FR\" \/>\n<meta property=\"og:type\" content=\"article\" \/>\n<meta property=\"og:title\" content=\"Privacy Policy - 11 Auto Parts\" \/>\n<meta property=\"og:description\" content=\"Who we are Our website address is: https:\/\/themes.muffingroup.com\/be\/rallydriver. What personal data we collect and why we collect it Comments When visitors leave comments on the site [\u2026]\" \/>\n<meta property=\"og:url\" content=\"https:\/\/11autoparts.com\/fr\/privacy-policy\/\" \/>\n<meta property=\"og:site_name\" content=\"11 Auto Parts\" \/>\n<meta property=\"article:modified_time\" content=\"2025-06-23T09:06:01+00:00\" \/>\n<meta name=\"twitter:card\" content=\"summary_large_image\" \/>\n<meta name=\"twitter:label1\" content=\"Dur\u00e9e de lecture estim\u00e9e\" \/>\n\t<meta name=\"twitter:data1\" content=\"3 minutes\" \/>\n<script type=\"application\/ld+json\" class=\"yoast-schema-graph\">{\"@context\":\"https:\/\/schema.org\",\"@graph\":[{\"@type\":\"WebPage\",\"@id\":\"https:\/\/11autoparts.com\/privacy-policy\/\",\"url\":\"https:\/\/11autoparts.com\/privacy-policy\/\",\"name\":\"Privacy Policy - 11 Auto Parts\",\"isPartOf\":{\"@id\":\"https:\/\/11autoparts.com\/#website\"},\"datePublished\":\"2020-02-19T08:43:34+00:00\",\"dateModified\":\"2025-06-23T09:06:01+00:00\",\"breadcrumb\":{\"@id\":\"https:\/\/11autoparts.com\/privacy-policy\/#breadcrumb\"},\"inLanguage\":\"fr-FR\",\"potentialAction\":[{\"@type\":\"ReadAction\",\"target\":[\"https:\/\/11autoparts.com\/privacy-policy\/\"]}]},{\"@type\":\"BreadcrumbList\",\"@id\":\"https:\/\/11autoparts.com\/privacy-policy\/#breadcrumb\",\"itemListElement\":[{\"@type\":\"ListItem\",\"position\":1,\"name\":\"\u9996\u9875\",\"item\":\"https:\/\/11autoparts.com\/\"},{\"@type\":\"ListItem\",\"position\":2,\"name\":\"Privacy Policy\"}]},{\"@type\":\"WebSite\",\"@id\":\"https:\/\/11autoparts.com\/#website\",\"url\":\"https:\/\/11autoparts.com\/\",\"name\":\"11 Auto Parts\",\"description\":\"11 Auto Parts Co., LTD.\",\"publisher\":{\"@id\":\"https:\/\/11autoparts.com\/#organization\"},\"potentialAction\":[{\"@type\":\"SearchAction\",\"target\":{\"@type\":\"EntryPoint\",\"urlTemplate\":\"https:\/\/11autoparts.com\/?s={search_term_string}\"},\"query-input\":{\"@type\":\"PropertyValueSpecification\",\"valueRequired\":true,\"valueName\":\"search_term_string\"}}],\"inLanguage\":\"fr-FR\"},{\"@type\":\"Organization\",\"@id\":\"https:\/\/11autoparts.com\/#organization\",\"name\":\"11 Auto Parts\",\"url\":\"https:\/\/11autoparts.com\/\",\"logo\":{\"@type\":\"ImageObject\",\"inLanguage\":\"fr-FR\",\"@id\":\"https:\/\/11autoparts.com\/#\/schema\/logo\/image\/\",\"url\":\"https:\/\/11autoparts.com\/wp-content\/uploads\/2025\/06\/logo2-1.png\",\"contentUrl\":\"https:\/\/11autoparts.com\/wp-content\/uploads\/2025\/06\/logo2-1.png\",\"width\":512,\"height\":512,\"caption\":\"11 Auto Parts\"},\"image\":{\"@id\":\"https:\/\/11autoparts.com\/#\/schema\/logo\/image\/\"}}]}<\/script>\n<!-- \/ Yoast SEO plugin. -->","yoast_head_json":{"title":"Privacy Policy - 11 Auto Parts","robots":{"index":"index","follow":"follow","max-snippet":"max-snippet:-1","max-image-preview":"max-image-preview:large","max-video-preview":"max-video-preview:-1"},"canonical":"https:\/\/11autoparts.com\/fr\/privacy-policy\/","og_locale":"fr_FR","og_type":"article","og_title":"Privacy Policy - 11 Auto Parts","og_description":"Who we are Our website address is: https:\/\/themes.muffingroup.com\/be\/rallydriver. What personal data we collect and why we collect it Comments When visitors leave comments on the site [\u2026]","og_url":"https:\/\/11autoparts.com\/fr\/privacy-policy\/","og_site_name":"11 Auto Parts","article_modified_time":"2025-06-23T09:06:01+00:00","twitter_card":"summary_large_image","twitter_misc":{"Dur\u00e9e de lecture estim\u00e9e":"3 minutes"},"schema":{"@context":"https:\/\/schema.org","@graph":[{"@type":"WebPage","@id":"https:\/\/11autoparts.com\/privacy-policy\/","url":"https:\/\/11autoparts.com\/privacy-policy\/","name":"Privacy Policy - 11 Auto Parts","isPartOf":{"@id":"https:\/\/11autoparts.com\/#website"},"datePublished":"2020-02-19T08:43:34+00:00","dateModified":"2025-06-23T09:06:01+00:00","breadcrumb":{"@id":"https:\/\/11autoparts.com\/privacy-policy\/#breadcrumb"},"inLanguage":"fr-FR","potentialAction":[{"@type":"ReadAction","target":["https:\/\/11autoparts.com\/privacy-policy\/"]}]},{"@type":"BreadcrumbList","@id":"https:\/\/11autoparts.com\/privacy-policy\/#breadcrumb","itemListElement":[{"@type":"ListItem","position":1,"name":"\u9996\u9875","item":"https:\/\/11autoparts.com\/"},{"@type":"ListItem","position":2,"name":"Privacy Policy"}]},{"@type":"WebSite","@id":"https:\/\/11autoparts.com\/#website","url":"https:\/\/11autoparts.com\/","name":"11 Auto Parts","description":"11 Auto Parts Co., LTD.","publisher":{"@id":"https:\/\/11autoparts.com\/#organization"},"potentialAction":[{"@type":"SearchAction","target":{"@type":"EntryPoint","urlTemplate":"https:\/\/11autoparts.com\/?s={search_term_string}"},"query-input":{"@type":"PropertyValueSpecification","valueRequired":true,"valueName":"search_term_string"}}],"inLanguage":"fr-FR"},{"@type":"Organization","@id":"https:\/\/11autoparts.com\/#organization","name":"11 Auto Parts","url":"https:\/\/11autoparts.com\/","logo":{"@type":"ImageObject","inLanguage":"fr-FR","@id":"https:\/\/11autoparts.com\/#\/schema\/logo\/image\/","url":"https:\/\/11autoparts.com\/wp-content\/uploads\/2025\/06\/logo2-1.png","contentUrl":"https:\/\/11autoparts.com\/wp-content\/uploads\/2025\/06\/logo2-1.png","width":512,"height":512,"caption":"11 Auto Parts"},"image":{"@id":"https:\/\/11autoparts.com\/#\/schema\/logo\/image\/"}}]}},"_links":{"self":[{"href":"https:\/\/11autoparts.com\/fr\/wp-json\/wp\/v2\/pages\/3","targetHints":{"allow":["GET"]}}],"collection":[{"href":"https:\/\/11autoparts.com\/fr\/wp-json\/wp\/v2\/pages"}],"about":[{"href":"https:\/\/11autoparts.com\/fr\/wp-json\/wp\/v2\/types\/page"}],"author":[{"embeddable":true,"href":"https:\/\/11autoparts.com\/fr\/wp-json\/wp\/v2\/users\/1"}],"replies":[{"embeddable":true,"href":"https:\/\/11autoparts.com\/fr\/wp-json\/wp\/v2\/comments?post=3"}],"version-history":[{"count":1,"href":"https:\/\/11autoparts.com\/fr\/wp-json\/wp\/v2\/pages\/3\/revisions"}],"predecessor-version":[{"id":182,"href":"https:\/\/11autoparts.com\/fr\/wp-json\/wp\/v2\/pages\/3\/revisions\/182"}],"wp:attachment":[{"href":"https:\/\/11autoparts.com\/fr\/wp-json\/wp\/v2\/media?parent=3"}],"curies":[{"name":"wp","href":"https:\/\/api.w.org\/{rel}","templated":true}]}}