{"id":350,"date":"2025-07-18T08:28:08","date_gmt":"2025-07-18T08:28:08","guid":{"rendered":"https:\/\/11autoparts.com\/?post_type=product&#038;p=350"},"modified":"2025-07-18T08:31:36","modified_gmt":"2025-07-18T08:31:36","slug":"xenon-headlight-yellow-daylight-63117263051-led-modules-for-bmw-4-f32-f82-m4-f33-f83-m4-f36-gran-coupe-superbright-yellow-drl","status":"publish","type":"product","link":"https:\/\/11autoparts.com\/de\/produkt\/xenon-headlight-yellow-daylight-63117263051-led-modules-for-bmw-4-f32-f82-m4-f33-f83-m4-f36-gran-coupe-superbright-yellow-drl\/","title":{"rendered":"Xenon-Scheinwerfer Gelb Tageslicht 63117263051 LED-Module f\u00fcr BMW 4\u2032 F32 F82 M4 F33 F83 M4 F36 Gran Coup\u00e9 Superbright Yellow DRL"},"content":{"rendered":"<p>Wenn Sie Teile f\u00fcr andere Airbagtypen ben\u00f6tigen, kontaktieren Sie mich bitte.<br \/>\nWir unterst\u00fctzen Alibaba Payment und AliExpress Payment. Bitte kontaktieren Sie mich.<br \/>\n<strong>WhatsApp 86 18028072278<br \/>\nWhatsApp 86 18028072278<br \/>\n<\/strong><\/p>","protected":false},"excerpt":{"rendered":"<p><img loading=\"lazy\" decoding=\"async\" class=\"aligncenter size-full wp-image-352\" src=\"https:\/\/11autoparts.com\/wp-content\/uploads\/2025\/07\/\u5fae\u4fe1\u56fe\u7247_20250718162710.png\" alt=\"\" width=\"528\" height=\"511\" srcset=\"https:\/\/11autoparts.com\/wp-content\/uploads\/2025\/07\/\u5fae\u4fe1\u56fe\u7247_20250718162710.png 528w, https:\/\/11autoparts.com\/wp-content\/uploads\/2025\/07\/\u5fae\u4fe1\u56fe\u7247_20250718162710-500x484.png 500w, https:\/\/11autoparts.com\/wp-content\/uploads\/2025\/07\/\u5fae\u4fe1\u56fe\u7247_20250718162710-300x290.png 300w, https:\/\/11autoparts.com\/wp-content\/uploads\/2025\/07\/\u5fae\u4fe1\u56fe\u7247_20250718162710-12x12.png 12w, https:\/\/11autoparts.com\/wp-content\/uploads\/2025\/07\/\u5fae\u4fe1\u56fe\u7247_20250718162710-77x75.png 77w, https:\/\/11autoparts.com\/wp-content\/uploads\/2025\/07\/\u5fae\u4fe1\u56fe\u7247_20250718162710-480x465.png 480w\" sizes=\"auto, (max-width:767px) 480px, 528px\" \/> <img loading=\"lazy\" decoding=\"async\" class=\"aligncenter size-full wp-image-353\" src=\"https:\/\/11autoparts.com\/wp-content\/uploads\/2025\/07\/\u5fae\u4fe1\u56fe\u7247_20250718162713.png\" alt=\"\" width=\"547\" height=\"538\" srcset=\"https:\/\/11autoparts.com\/wp-content\/uploads\/2025\/07\/\u5fae\u4fe1\u56fe\u7247_20250718162713.png 547w, https:\/\/11autoparts.com\/wp-content\/uploads\/2025\/07\/\u5fae\u4fe1\u56fe\u7247_20250718162713-500x492.png 500w, https:\/\/11autoparts.com\/wp-content\/uploads\/2025\/07\/\u5fae\u4fe1\u56fe\u7247_20250718162713-300x295.png 300w, https:\/\/11autoparts.com\/wp-content\/uploads\/2025\/07\/\u5fae\u4fe1\u56fe\u7247_20250718162713-12x12.png 12w, https:\/\/11autoparts.com\/wp-content\/uploads\/2025\/07\/\u5fae\u4fe1\u56fe\u7247_20250718162713-76x75.png 76w, https:\/\/11autoparts.com\/wp-content\/uploads\/2025\/07\/\u5fae\u4fe1\u56fe\u7247_20250718162713-480x472.png 480w\" sizes=\"auto, (max-width:767px) 480px, 547px\" \/> <img loading=\"lazy\" decoding=\"async\" class=\"aligncenter size-full wp-image-354\" src=\"https:\/\/11autoparts.com\/wp-content\/uploads\/2025\/07\/\u5fae\u4fe1\u56fe\u7247_20250718162717.png\" alt=\"\" width=\"522\" height=\"475\" srcset=\"https:\/\/11autoparts.com\/wp-content\/uploads\/2025\/07\/\u5fae\u4fe1\u56fe\u7247_20250718162717.png 522w, https:\/\/11autoparts.com\/wp-content\/uploads\/2025\/07\/\u5fae\u4fe1\u56fe\u7247_20250718162717-500x455.png 500w, https:\/\/11autoparts.com\/wp-content\/uploads\/2025\/07\/\u5fae\u4fe1\u56fe\u7247_20250718162717-300x273.png 300w, https:\/\/11autoparts.com\/wp-content\/uploads\/2025\/07\/\u5fae\u4fe1\u56fe\u7247_20250718162717-13x12.png 13w, https:\/\/11autoparts.com\/wp-content\/uploads\/2025\/07\/\u5fae\u4fe1\u56fe\u7247_20250718162717-82x75.png 82w, https:\/\/11autoparts.com\/wp-content\/uploads\/2025\/07\/\u5fae\u4fe1\u56fe\u7247_20250718162717-480x437.png 480w\" sizes=\"auto, (max-width:767px) 480px, 522px\" \/> <img loading=\"lazy\" decoding=\"async\" class=\"aligncenter size-full wp-image-355\" src=\"https:\/\/11autoparts.com\/wp-content\/uploads\/2025\/07\/\u5fae\u4fe1\u56fe\u7247_20250718162720.png\" alt=\"\" width=\"532\" height=\"470\" srcset=\"https:\/\/11autoparts.com\/wp-content\/uploads\/2025\/07\/\u5fae\u4fe1\u56fe\u7247_20250718162720.png 532w, https:\/\/11autoparts.com\/wp-content\/uploads\/2025\/07\/\u5fae\u4fe1\u56fe\u7247_20250718162720-500x442.png 500w, https:\/\/11autoparts.com\/wp-content\/uploads\/2025\/07\/\u5fae\u4fe1\u56fe\u7247_20250718162720-300x265.png 300w, https:\/\/11autoparts.com\/wp-content\/uploads\/2025\/07\/\u5fae\u4fe1\u56fe\u7247_20250718162720-14x12.png 14w, https:\/\/11autoparts.com\/wp-content\/uploads\/2025\/07\/\u5fae\u4fe1\u56fe\u7247_20250718162720-85x75.png 85w, https:\/\/11autoparts.com\/wp-content\/uploads\/2025\/07\/\u5fae\u4fe1\u56fe\u7247_20250718162720-480x424.png 480w\" sizes=\"auto, (max-width:767px) 480px, 532px\" \/> <img loading=\"lazy\" decoding=\"async\" class=\"aligncenter size-full wp-image-356\" src=\"https:\/\/11autoparts.com\/wp-content\/uploads\/2025\/07\/\u5fae\u4fe1\u56fe\u7247_20250718162726.png\" alt=\"\" width=\"531\" height=\"490\" srcset=\"https:\/\/11autoparts.com\/wp-content\/uploads\/2025\/07\/\u5fae\u4fe1\u56fe\u7247_20250718162726.png 531w, https:\/\/11autoparts.com\/wp-content\/uploads\/2025\/07\/\u5fae\u4fe1\u56fe\u7247_20250718162726-500x461.png 500w, https:\/\/11autoparts.com\/wp-content\/uploads\/2025\/07\/\u5fae\u4fe1\u56fe\u7247_20250718162726-300x277.png 300w, https:\/\/11autoparts.com\/wp-content\/uploads\/2025\/07\/\u5fae\u4fe1\u56fe\u7247_20250718162726-13x12.png 13w, https:\/\/11autoparts.com\/wp-content\/uploads\/2025\/07\/\u5fae\u4fe1\u56fe\u7247_20250718162726-81x75.png 81w, https:\/\/11autoparts.com\/wp-content\/uploads\/2025\/07\/\u5fae\u4fe1\u56fe\u7247_20250718162726-480x443.png 480w\" sizes=\"auto, (max-width:767px) 480px, 531px\" \/> <img loading=\"lazy\" decoding=\"async\" class=\"aligncenter size-full wp-image-357\" src=\"https:\/\/11autoparts.com\/wp-content\/uploads\/2025\/07\/\u5fae\u4fe1\u56fe\u7247_20250718162731.png\" alt=\"\" width=\"493\" height=\"486\" srcset=\"https:\/\/11autoparts.com\/wp-content\/uploads\/2025\/07\/\u5fae\u4fe1\u56fe\u7247_20250718162731.png 493w, https:\/\/11autoparts.com\/wp-content\/uploads\/2025\/07\/\u5fae\u4fe1\u56fe\u7247_20250718162731-300x296.png 300w, https:\/\/11autoparts.com\/wp-content\/uploads\/2025\/07\/\u5fae\u4fe1\u56fe\u7247_20250718162731-12x12.png 12w, https:\/\/11autoparts.com\/wp-content\/uploads\/2025\/07\/\u5fae\u4fe1\u56fe\u7247_20250718162731-76x75.png 76w, https:\/\/11autoparts.com\/wp-content\/uploads\/2025\/07\/\u5fae\u4fe1\u56fe\u7247_20250718162731-480x473.png 480w\" sizes=\"auto, (max-width:767px) 480px, 493px\" \/><\/p>","protected":false},"featured_media":351,"comment_status":"open","ping_status":"closed","template":"..\/public\/views\/revslider-page-template.php","meta":[],"product_brand":[],"product_cat":[14],"product_tag":[],"class_list":{"0":"post-350","1":"product","2":"type-product","3":"status-publish","4":"has-post-thumbnail","6":"product_cat-drl-model","8":"first","9":"instock","10":"taxable","11":"shipping-taxable","12":"purchasable","13":"product-type-simple"},"yoast_head":"<!-- This site is optimized with the Yoast SEO plugin v24.9 - https:\/\/yoast.com\/wordpress\/plugins\/seo\/ -->\n<title>Xenon Headlight Yellow Daylight 63117263051 Led Modules For BMW 4&#039; F32 F82 M4 F33 F83 M4 F36 Gran Coup\u00e9 Superbright Yellow DRL - 11 Auto Parts<\/title>\n<meta name=\"robots\" content=\"index, follow, max-snippet:-1, max-image-preview:large, max-video-preview:-1\" \/>\n<link rel=\"canonical\" href=\"https:\/\/11autoparts.com\/de\/produkt\/xenon-headlight-yellow-daylight-63117263051-led-modules-for-bmw-4-f32-f82-m4-f33-f83-m4-f36-gran-coupe-superbright-yellow-drl\/\" \/>\n<meta property=\"og:locale\" content=\"de_DE\" \/>\n<meta property=\"og:type\" content=\"article\" \/>\n<meta property=\"og:title\" content=\"Xenon Headlight Yellow Daylight 63117263051 Led Modules For BMW 4&#039; F32 F82 M4 F33 F83 M4 F36 Gran Coup\u00e9 Superbright Yellow DRL - 11 Auto Parts\" \/>\n<meta property=\"og:url\" content=\"https:\/\/11autoparts.com\/de\/produkt\/xenon-headlight-yellow-daylight-63117263051-led-modules-for-bmw-4-f32-f82-m4-f33-f83-m4-f36-gran-coupe-superbright-yellow-drl\/\" \/>\n<meta property=\"og:site_name\" content=\"11 Auto Parts\" \/>\n<meta property=\"article:modified_time\" content=\"2025-07-18T08:31:36+00:00\" \/>\n<meta property=\"og:image\" content=\"https:\/\/11autoparts.com\/wp-content\/uploads\/2025\/07\/\u5fae\u4fe1\u56fe\u7247_20250718162705.png\" \/>\n\t<meta property=\"og:image:width\" content=\"515\" \/>\n\t<meta property=\"og:image:height\" content=\"520\" \/>\n\t<meta property=\"og:image:type\" content=\"image\/png\" \/>\n<meta name=\"twitter:card\" content=\"summary_large_image\" \/>\n<meta name=\"twitter:label1\" content=\"Gesch\u00e4tzte Lesezeit\" \/>\n\t<meta name=\"twitter:data1\" content=\"1\u00a0Minute\" \/>\n<script type=\"application\/ld+json\" class=\"yoast-schema-graph\">{\"@context\":\"https:\/\/schema.org\",\"@graph\":[{\"@type\":\"WebPage\",\"@id\":\"https:\/\/11autoparts.com\/product\/xenon-headlight-yellow-daylight-63117263051-led-modules-for-bmw-4-f32-f82-m4-f33-f83-m4-f36-gran-coupe-superbright-yellow-drl\/\",\"url\":\"https:\/\/11autoparts.com\/product\/xenon-headlight-yellow-daylight-63117263051-led-modules-for-bmw-4-f32-f82-m4-f33-f83-m4-f36-gran-coupe-superbright-yellow-drl\/\",\"name\":\"Xenon Headlight Yellow Daylight 63117263051 Led Modules For BMW 4' F32 F82 M4 F33 F83 M4 F36 Gran Coup\u00e9 Superbright Yellow DRL - 11 Auto Parts\",\"isPartOf\":{\"@id\":\"https:\/\/11autoparts.com\/#website\"},\"primaryImageOfPage\":{\"@id\":\"https:\/\/11autoparts.com\/product\/xenon-headlight-yellow-daylight-63117263051-led-modules-for-bmw-4-f32-f82-m4-f33-f83-m4-f36-gran-coupe-superbright-yellow-drl\/#primaryimage\"},\"image\":{\"@id\":\"https:\/\/11autoparts.com\/product\/xenon-headlight-yellow-daylight-63117263051-led-modules-for-bmw-4-f32-f82-m4-f33-f83-m4-f36-gran-coupe-superbright-yellow-drl\/#primaryimage\"},\"thumbnailUrl\":\"https:\/\/11autoparts.com\/wp-content\/uploads\/2025\/07\/\u5fae\u4fe1\u56fe\u7247_20250718162705.png\",\"datePublished\":\"2025-07-18T08:28:08+00:00\",\"dateModified\":\"2025-07-18T08:31:36+00:00\",\"breadcrumb\":{\"@id\":\"https:\/\/11autoparts.com\/product\/xenon-headlight-yellow-daylight-63117263051-led-modules-for-bmw-4-f32-f82-m4-f33-f83-m4-f36-gran-coupe-superbright-yellow-drl\/#breadcrumb\"},\"inLanguage\":\"de\",\"potentialAction\":[{\"@type\":\"ReadAction\",\"target\":[\"https:\/\/11autoparts.com\/product\/xenon-headlight-yellow-daylight-63117263051-led-modules-for-bmw-4-f32-f82-m4-f33-f83-m4-f36-gran-coupe-superbright-yellow-drl\/\"]}]},{\"@type\":\"ImageObject\",\"inLanguage\":\"de\",\"@id\":\"https:\/\/11autoparts.com\/product\/xenon-headlight-yellow-daylight-63117263051-led-modules-for-bmw-4-f32-f82-m4-f33-f83-m4-f36-gran-coupe-superbright-yellow-drl\/#primaryimage\",\"url\":\"https:\/\/11autoparts.com\/wp-content\/uploads\/2025\/07\/\u5fae\u4fe1\u56fe\u7247_20250718162705.png\",\"contentUrl\":\"https:\/\/11autoparts.com\/wp-content\/uploads\/2025\/07\/\u5fae\u4fe1\u56fe\u7247_20250718162705.png\",\"width\":515,\"height\":520},{\"@type\":\"BreadcrumbList\",\"@id\":\"https:\/\/11autoparts.com\/product\/xenon-headlight-yellow-daylight-63117263051-led-modules-for-bmw-4-f32-f82-m4-f33-f83-m4-f36-gran-coupe-superbright-yellow-drl\/#breadcrumb\",\"itemListElement\":[{\"@type\":\"ListItem\",\"position\":1,\"name\":\"\u9996\u9875\",\"item\":\"https:\/\/11autoparts.com\/\"},{\"@type\":\"ListItem\",\"position\":2,\"name\":\"Shop\",\"item\":\"https:\/\/11autoparts.com\/shop\/\"},{\"@type\":\"ListItem\",\"position\":3,\"name\":\"Xenon Headlight Yellow Daylight 63117263051 Led Modules For BMW 4&#8242; F32 F82 M4 F33 F83 M4 F36 Gran Coup\u00e9 Superbright Yellow DRL\"}]},{\"@type\":\"WebSite\",\"@id\":\"https:\/\/11autoparts.com\/#website\",\"url\":\"https:\/\/11autoparts.com\/\",\"name\":\"11 Auto Parts\",\"description\":\"11 Auto Parts Co., LTD.\",\"publisher\":{\"@id\":\"https:\/\/11autoparts.com\/#organization\"},\"potentialAction\":[{\"@type\":\"SearchAction\",\"target\":{\"@type\":\"EntryPoint\",\"urlTemplate\":\"https:\/\/11autoparts.com\/?s={search_term_string}\"},\"query-input\":{\"@type\":\"PropertyValueSpecification\",\"valueRequired\":true,\"valueName\":\"search_term_string\"}}],\"inLanguage\":\"de\"},{\"@type\":\"Organization\",\"@id\":\"https:\/\/11autoparts.com\/#organization\",\"name\":\"11 Auto Parts\",\"url\":\"https:\/\/11autoparts.com\/\",\"logo\":{\"@type\":\"ImageObject\",\"inLanguage\":\"de\",\"@id\":\"https:\/\/11autoparts.com\/#\/schema\/logo\/image\/\",\"url\":\"https:\/\/11autoparts.com\/wp-content\/uploads\/2025\/06\/logo2-1.png\",\"contentUrl\":\"https:\/\/11autoparts.com\/wp-content\/uploads\/2025\/06\/logo2-1.png\",\"width\":512,\"height\":512,\"caption\":\"11 Auto Parts\"},\"image\":{\"@id\":\"https:\/\/11autoparts.com\/#\/schema\/logo\/image\/\"}}]}<\/script>\n<!-- \/ Yoast SEO plugin. -->","yoast_head_json":{"title":"Xenon Headlight Yellow Daylight 63117263051 Led Modules For BMW 4' F32 F82 M4 F33 F83 M4 F36 Gran Coup\u00e9 Superbright Yellow DRL - 11 Auto Parts","robots":{"index":"index","follow":"follow","max-snippet":"max-snippet:-1","max-image-preview":"max-image-preview:large","max-video-preview":"max-video-preview:-1"},"canonical":"https:\/\/11autoparts.com\/de\/produkt\/xenon-headlight-yellow-daylight-63117263051-led-modules-for-bmw-4-f32-f82-m4-f33-f83-m4-f36-gran-coupe-superbright-yellow-drl\/","og_locale":"de_DE","og_type":"article","og_title":"Xenon Headlight Yellow Daylight 63117263051 Led Modules For BMW 4' F32 F82 M4 F33 F83 M4 F36 Gran Coup\u00e9 Superbright Yellow DRL - 11 Auto Parts","og_url":"https:\/\/11autoparts.com\/de\/produkt\/xenon-headlight-yellow-daylight-63117263051-led-modules-for-bmw-4-f32-f82-m4-f33-f83-m4-f36-gran-coupe-superbright-yellow-drl\/","og_site_name":"11 Auto Parts","article_modified_time":"2025-07-18T08:31:36+00:00","og_image":[{"width":515,"height":520,"url":"https:\/\/11autoparts.com\/wp-content\/uploads\/2025\/07\/\u5fae\u4fe1\u56fe\u7247_20250718162705.png","type":"image\/png"}],"twitter_card":"summary_large_image","twitter_misc":{"Gesch\u00e4tzte Lesezeit":"1\u00a0Minute"},"schema":{"@context":"https:\/\/schema.org","@graph":[{"@type":"WebPage","@id":"https:\/\/11autoparts.com\/product\/xenon-headlight-yellow-daylight-63117263051-led-modules-for-bmw-4-f32-f82-m4-f33-f83-m4-f36-gran-coupe-superbright-yellow-drl\/","url":"https:\/\/11autoparts.com\/product\/xenon-headlight-yellow-daylight-63117263051-led-modules-for-bmw-4-f32-f82-m4-f33-f83-m4-f36-gran-coupe-superbright-yellow-drl\/","name":"Xenon Headlight Yellow Daylight 63117263051 Led Modules For BMW 4' F32 F82 M4 F33 F83 M4 F36 Gran Coup\u00e9 Superbright Yellow DRL - 11 Auto Parts","isPartOf":{"@id":"https:\/\/11autoparts.com\/#website"},"primaryImageOfPage":{"@id":"https:\/\/11autoparts.com\/product\/xenon-headlight-yellow-daylight-63117263051-led-modules-for-bmw-4-f32-f82-m4-f33-f83-m4-f36-gran-coupe-superbright-yellow-drl\/#primaryimage"},"image":{"@id":"https:\/\/11autoparts.com\/product\/xenon-headlight-yellow-daylight-63117263051-led-modules-for-bmw-4-f32-f82-m4-f33-f83-m4-f36-gran-coupe-superbright-yellow-drl\/#primaryimage"},"thumbnailUrl":"https:\/\/11autoparts.com\/wp-content\/uploads\/2025\/07\/\u5fae\u4fe1\u56fe\u7247_20250718162705.png","datePublished":"2025-07-18T08:28:08+00:00","dateModified":"2025-07-18T08:31:36+00:00","breadcrumb":{"@id":"https:\/\/11autoparts.com\/product\/xenon-headlight-yellow-daylight-63117263051-led-modules-for-bmw-4-f32-f82-m4-f33-f83-m4-f36-gran-coupe-superbright-yellow-drl\/#breadcrumb"},"inLanguage":"de","potentialAction":[{"@type":"ReadAction","target":["https:\/\/11autoparts.com\/product\/xenon-headlight-yellow-daylight-63117263051-led-modules-for-bmw-4-f32-f82-m4-f33-f83-m4-f36-gran-coupe-superbright-yellow-drl\/"]}]},{"@type":"ImageObject","inLanguage":"de","@id":"https:\/\/11autoparts.com\/product\/xenon-headlight-yellow-daylight-63117263051-led-modules-for-bmw-4-f32-f82-m4-f33-f83-m4-f36-gran-coupe-superbright-yellow-drl\/#primaryimage","url":"https:\/\/11autoparts.com\/wp-content\/uploads\/2025\/07\/\u5fae\u4fe1\u56fe\u7247_20250718162705.png","contentUrl":"https:\/\/11autoparts.com\/wp-content\/uploads\/2025\/07\/\u5fae\u4fe1\u56fe\u7247_20250718162705.png","width":515,"height":520},{"@type":"BreadcrumbList","@id":"https:\/\/11autoparts.com\/product\/xenon-headlight-yellow-daylight-63117263051-led-modules-for-bmw-4-f32-f82-m4-f33-f83-m4-f36-gran-coupe-superbright-yellow-drl\/#breadcrumb","itemListElement":[{"@type":"ListItem","position":1,"name":"\u9996\u9875","item":"https:\/\/11autoparts.com\/"},{"@type":"ListItem","position":2,"name":"Shop","item":"https:\/\/11autoparts.com\/shop\/"},{"@type":"ListItem","position":3,"name":"Xenon Headlight Yellow Daylight 63117263051 Led Modules For BMW 4&#8242; F32 F82 M4 F33 F83 M4 F36 Gran Coup\u00e9 Superbright Yellow DRL"}]},{"@type":"WebSite","@id":"https:\/\/11autoparts.com\/#website","url":"https:\/\/11autoparts.com\/","name":"11 Auto Parts","description":"11 Auto Parts Co., LTD.","publisher":{"@id":"https:\/\/11autoparts.com\/#organization"},"potentialAction":[{"@type":"SearchAction","target":{"@type":"EntryPoint","urlTemplate":"https:\/\/11autoparts.com\/?s={search_term_string}"},"query-input":{"@type":"PropertyValueSpecification","valueRequired":true,"valueName":"search_term_string"}}],"inLanguage":"de"},{"@type":"Organization","@id":"https:\/\/11autoparts.com\/#organization","name":"11 Auto Parts","url":"https:\/\/11autoparts.com\/","logo":{"@type":"ImageObject","inLanguage":"de","@id":"https:\/\/11autoparts.com\/#\/schema\/logo\/image\/","url":"https:\/\/11autoparts.com\/wp-content\/uploads\/2025\/06\/logo2-1.png","contentUrl":"https:\/\/11autoparts.com\/wp-content\/uploads\/2025\/06\/logo2-1.png","width":512,"height":512,"caption":"11 Auto Parts"},"image":{"@id":"https:\/\/11autoparts.com\/#\/schema\/logo\/image\/"}}]}},"_links":{"self":[{"href":"https:\/\/11autoparts.com\/de\/wp-json\/wp\/v2\/product\/350","targetHints":{"allow":["GET"]}}],"collection":[{"href":"https:\/\/11autoparts.com\/de\/wp-json\/wp\/v2\/product"}],"about":[{"href":"https:\/\/11autoparts.com\/de\/wp-json\/wp\/v2\/types\/product"}],"replies":[{"embeddable":true,"href":"https:\/\/11autoparts.com\/de\/wp-json\/wp\/v2\/comments?post=350"}],"wp:featuredmedia":[{"embeddable":true,"href":"https:\/\/11autoparts.com\/de\/wp-json\/wp\/v2\/media\/351"}],"wp:attachment":[{"href":"https:\/\/11autoparts.com\/de\/wp-json\/wp\/v2\/media?parent=350"}],"wp:term":[{"taxonomy":"product_brand","embeddable":true,"href":"https:\/\/11autoparts.com\/de\/wp-json\/wp\/v2\/product_brand?post=350"},{"taxonomy":"product_cat","embeddable":true,"href":"https:\/\/11autoparts.com\/de\/wp-json\/wp\/v2\/product_cat?post=350"},{"taxonomy":"product_tag","embeddable":true,"href":"https:\/\/11autoparts.com\/de\/wp-json\/wp\/v2\/product_tag?post=350"}],"curies":[{"name":"wp","href":"https:\/\/api.w.org\/{rel}","templated":true}]}}