{"id":291,"date":"2025-07-18T07:12:14","date_gmt":"2025-07-18T07:12:14","guid":{"rendered":"https:\/\/11autoparts.com\/?post_type=product&#038;p=291"},"modified":"2025-07-18T07:21:20","modified_gmt":"2025-07-18T07:21:20","slug":"yellow-drl-led-modules-board-set-daytime-running-light-led-module-for-bmw-3-series-g22-g23-g26-m3-g80-m4-g82-g83-2021-2022-2023","status":"publish","type":"product","link":"https:\/\/11autoparts.com\/de\/produkt\/yellow-drl-led-modules-board-set-daytime-running-light-led-module-for-bmw-3-series-g22-g23-g26-m3-g80-m4-g82-g83-2021-2022-2023\/","title":{"rendered":"Gelbes DRL-LED-Modul-Platinenset, Tagfahrlicht-LED-Modul f\u00fcr BMW 3er G22 G23 G26 M3 G80 M4 G82 G83 2021 2022 2023"},"content":{"rendered":"<p>Wenn Sie Teile f\u00fcr andere Airbagtypen ben\u00f6tigen, kontaktieren Sie mich bitte.<br \/>\nWir unterst\u00fctzen Alibaba Payment und AliExpress Payment. Bitte kontaktieren Sie mich.<br \/>\n<strong>WhatsApp 86 18028072278<br \/>\nWhatsApp 86 18028072278<br \/>\n<\/strong><\/p>","protected":false},"excerpt":{"rendered":"<p>If you need parts for other types of airbags, Please contact me. We support Alibaba Payment and AliExpress Payment. Please contact me. WhatsApp 86 18028072278 WhatsApp<span class=\"excerpt-hellip\"> [\u2026]<\/span><\/p>","protected":false},"featured_media":296,"comment_status":"open","ping_status":"closed","template":"..\/public\/views\/revslider-page-template.php","meta":[],"product_brand":[],"product_cat":[14],"product_tag":[15],"class_list":{"0":"post-291","1":"product","2":"type-product","3":"status-publish","4":"has-post-thumbnail","6":"product_cat-drl-model","7":"product_tag-drl-led-modules","9":"first","10":"instock","11":"taxable","12":"shipping-taxable","13":"purchasable","14":"product-type-simple"},"yoast_head":"<!-- This site is optimized with the Yoast SEO plugin v24.9 - https:\/\/yoast.com\/wordpress\/plugins\/seo\/ -->\n<title>Yellow DRL LED Modules Board Set, Daytime Running Light LED Module for BMW 3 Series G22 G23 G26 M3 G80 M4 G82 G83 2021 2022 2023 - 11 Auto Parts<\/title>\n<meta name=\"robots\" content=\"index, follow, max-snippet:-1, max-image-preview:large, max-video-preview:-1\" \/>\n<link rel=\"canonical\" href=\"https:\/\/11autoparts.com\/de\/produkt\/yellow-drl-led-modules-board-set-daytime-running-light-led-module-for-bmw-3-series-g22-g23-g26-m3-g80-m4-g82-g83-2021-2022-2023\/\" \/>\n<meta property=\"og:locale\" content=\"de_DE\" \/>\n<meta property=\"og:type\" content=\"article\" \/>\n<meta property=\"og:title\" content=\"Yellow DRL LED Modules Board Set, Daytime Running Light LED Module for BMW 3 Series G22 G23 G26 M3 G80 M4 G82 G83 2021 2022 2023 - 11 Auto Parts\" \/>\n<meta property=\"og:description\" content=\"If you need parts for other types of airbags, Please contact me. We support Alibaba Payment and AliExpress Payment. Please contact me. WhatsApp 86 18028072278 WhatsApp [\u2026]\" \/>\n<meta property=\"og:url\" content=\"https:\/\/11autoparts.com\/de\/produkt\/yellow-drl-led-modules-board-set-daytime-running-light-led-module-for-bmw-3-series-g22-g23-g26-m3-g80-m4-g82-g83-2021-2022-2023\/\" \/>\n<meta property=\"og:site_name\" content=\"11 Auto Parts\" \/>\n<meta property=\"article:modified_time\" content=\"2025-07-18T07:21:20+00:00\" \/>\n<meta property=\"og:image\" content=\"https:\/\/11autoparts.com\/wp-content\/uploads\/2025\/07\/\u5fae\u4fe1\u56fe\u7247_20250718151626.png\" \/>\n\t<meta property=\"og:image:width\" content=\"726\" \/>\n\t<meta property=\"og:image:height\" content=\"726\" \/>\n\t<meta property=\"og:image:type\" content=\"image\/png\" \/>\n<meta name=\"twitter:card\" content=\"summary_large_image\" \/>\n<meta name=\"twitter:label1\" content=\"Gesch\u00e4tzte Lesezeit\" \/>\n\t<meta name=\"twitter:data1\" content=\"1\u00a0Minute\" \/>\n<script type=\"application\/ld+json\" class=\"yoast-schema-graph\">{\"@context\":\"https:\/\/schema.org\",\"@graph\":[{\"@type\":\"WebPage\",\"@id\":\"https:\/\/11autoparts.com\/product\/yellow-drl-led-modules-board-set-daytime-running-light-led-module-for-bmw-3-series-g22-g23-g26-m3-g80-m4-g82-g83-2021-2022-2023\/\",\"url\":\"https:\/\/11autoparts.com\/product\/yellow-drl-led-modules-board-set-daytime-running-light-led-module-for-bmw-3-series-g22-g23-g26-m3-g80-m4-g82-g83-2021-2022-2023\/\",\"name\":\"Yellow DRL LED Modules Board Set, Daytime Running Light LED Module for BMW 3 Series G22 G23 G26 M3 G80 M4 G82 G83 2021 2022 2023 - 11 Auto Parts\",\"isPartOf\":{\"@id\":\"https:\/\/11autoparts.com\/#website\"},\"primaryImageOfPage\":{\"@id\":\"https:\/\/11autoparts.com\/product\/yellow-drl-led-modules-board-set-daytime-running-light-led-module-for-bmw-3-series-g22-g23-g26-m3-g80-m4-g82-g83-2021-2022-2023\/#primaryimage\"},\"image\":{\"@id\":\"https:\/\/11autoparts.com\/product\/yellow-drl-led-modules-board-set-daytime-running-light-led-module-for-bmw-3-series-g22-g23-g26-m3-g80-m4-g82-g83-2021-2022-2023\/#primaryimage\"},\"thumbnailUrl\":\"https:\/\/11autoparts.com\/wp-content\/uploads\/2025\/07\/\u5fae\u4fe1\u56fe\u7247_20250718151626.png\",\"datePublished\":\"2025-07-18T07:12:14+00:00\",\"dateModified\":\"2025-07-18T07:21:20+00:00\",\"breadcrumb\":{\"@id\":\"https:\/\/11autoparts.com\/product\/yellow-drl-led-modules-board-set-daytime-running-light-led-module-for-bmw-3-series-g22-g23-g26-m3-g80-m4-g82-g83-2021-2022-2023\/#breadcrumb\"},\"inLanguage\":\"de\",\"potentialAction\":[{\"@type\":\"ReadAction\",\"target\":[\"https:\/\/11autoparts.com\/product\/yellow-drl-led-modules-board-set-daytime-running-light-led-module-for-bmw-3-series-g22-g23-g26-m3-g80-m4-g82-g83-2021-2022-2023\/\"]}]},{\"@type\":\"ImageObject\",\"inLanguage\":\"de\",\"@id\":\"https:\/\/11autoparts.com\/product\/yellow-drl-led-modules-board-set-daytime-running-light-led-module-for-bmw-3-series-g22-g23-g26-m3-g80-m4-g82-g83-2021-2022-2023\/#primaryimage\",\"url\":\"https:\/\/11autoparts.com\/wp-content\/uploads\/2025\/07\/\u5fae\u4fe1\u56fe\u7247_20250718151626.png\",\"contentUrl\":\"https:\/\/11autoparts.com\/wp-content\/uploads\/2025\/07\/\u5fae\u4fe1\u56fe\u7247_20250718151626.png\",\"width\":726,\"height\":726},{\"@type\":\"BreadcrumbList\",\"@id\":\"https:\/\/11autoparts.com\/product\/yellow-drl-led-modules-board-set-daytime-running-light-led-module-for-bmw-3-series-g22-g23-g26-m3-g80-m4-g82-g83-2021-2022-2023\/#breadcrumb\",\"itemListElement\":[{\"@type\":\"ListItem\",\"position\":1,\"name\":\"\u9996\u9875\",\"item\":\"https:\/\/11autoparts.com\/\"},{\"@type\":\"ListItem\",\"position\":2,\"name\":\"Shop\",\"item\":\"https:\/\/11autoparts.com\/shop\/\"},{\"@type\":\"ListItem\",\"position\":3,\"name\":\"Yellow DRL LED Modules Board Set, Daytime Running Light LED Module for BMW 3 Series G22 G23 G26 M3 G80 M4 G82 G83 2021 2022 2023\"}]},{\"@type\":\"WebSite\",\"@id\":\"https:\/\/11autoparts.com\/#website\",\"url\":\"https:\/\/11autoparts.com\/\",\"name\":\"11 Auto Parts\",\"description\":\"11 Auto Parts Co., LTD.\",\"publisher\":{\"@id\":\"https:\/\/11autoparts.com\/#organization\"},\"potentialAction\":[{\"@type\":\"SearchAction\",\"target\":{\"@type\":\"EntryPoint\",\"urlTemplate\":\"https:\/\/11autoparts.com\/?s={search_term_string}\"},\"query-input\":{\"@type\":\"PropertyValueSpecification\",\"valueRequired\":true,\"valueName\":\"search_term_string\"}}],\"inLanguage\":\"de\"},{\"@type\":\"Organization\",\"@id\":\"https:\/\/11autoparts.com\/#organization\",\"name\":\"11 Auto Parts\",\"url\":\"https:\/\/11autoparts.com\/\",\"logo\":{\"@type\":\"ImageObject\",\"inLanguage\":\"de\",\"@id\":\"https:\/\/11autoparts.com\/#\/schema\/logo\/image\/\",\"url\":\"https:\/\/11autoparts.com\/wp-content\/uploads\/2025\/06\/logo2-1.png\",\"contentUrl\":\"https:\/\/11autoparts.com\/wp-content\/uploads\/2025\/06\/logo2-1.png\",\"width\":512,\"height\":512,\"caption\":\"11 Auto Parts\"},\"image\":{\"@id\":\"https:\/\/11autoparts.com\/#\/schema\/logo\/image\/\"}}]}<\/script>\n<!-- \/ Yoast SEO plugin. -->","yoast_head_json":{"title":"Yellow DRL LED Modules Board Set, Daytime Running Light LED Module for BMW 3 Series G22 G23 G26 M3 G80 M4 G82 G83 2021 2022 2023 - 11 Auto Parts","robots":{"index":"index","follow":"follow","max-snippet":"max-snippet:-1","max-image-preview":"max-image-preview:large","max-video-preview":"max-video-preview:-1"},"canonical":"https:\/\/11autoparts.com\/de\/produkt\/yellow-drl-led-modules-board-set-daytime-running-light-led-module-for-bmw-3-series-g22-g23-g26-m3-g80-m4-g82-g83-2021-2022-2023\/","og_locale":"de_DE","og_type":"article","og_title":"Yellow DRL LED Modules Board Set, Daytime Running Light LED Module for BMW 3 Series G22 G23 G26 M3 G80 M4 G82 G83 2021 2022 2023 - 11 Auto Parts","og_description":"If you need parts for other types of airbags, Please contact me. We support Alibaba Payment and AliExpress Payment. Please contact me. WhatsApp 86 18028072278 WhatsApp [\u2026]","og_url":"https:\/\/11autoparts.com\/de\/produkt\/yellow-drl-led-modules-board-set-daytime-running-light-led-module-for-bmw-3-series-g22-g23-g26-m3-g80-m4-g82-g83-2021-2022-2023\/","og_site_name":"11 Auto Parts","article_modified_time":"2025-07-18T07:21:20+00:00","og_image":[{"width":726,"height":726,"url":"https:\/\/11autoparts.com\/wp-content\/uploads\/2025\/07\/\u5fae\u4fe1\u56fe\u7247_20250718151626.png","type":"image\/png"}],"twitter_card":"summary_large_image","twitter_misc":{"Gesch\u00e4tzte Lesezeit":"1\u00a0Minute"},"schema":{"@context":"https:\/\/schema.org","@graph":[{"@type":"WebPage","@id":"https:\/\/11autoparts.com\/product\/yellow-drl-led-modules-board-set-daytime-running-light-led-module-for-bmw-3-series-g22-g23-g26-m3-g80-m4-g82-g83-2021-2022-2023\/","url":"https:\/\/11autoparts.com\/product\/yellow-drl-led-modules-board-set-daytime-running-light-led-module-for-bmw-3-series-g22-g23-g26-m3-g80-m4-g82-g83-2021-2022-2023\/","name":"Yellow DRL LED Modules Board Set, Daytime Running Light LED Module for BMW 3 Series G22 G23 G26 M3 G80 M4 G82 G83 2021 2022 2023 - 11 Auto Parts","isPartOf":{"@id":"https:\/\/11autoparts.com\/#website"},"primaryImageOfPage":{"@id":"https:\/\/11autoparts.com\/product\/yellow-drl-led-modules-board-set-daytime-running-light-led-module-for-bmw-3-series-g22-g23-g26-m3-g80-m4-g82-g83-2021-2022-2023\/#primaryimage"},"image":{"@id":"https:\/\/11autoparts.com\/product\/yellow-drl-led-modules-board-set-daytime-running-light-led-module-for-bmw-3-series-g22-g23-g26-m3-g80-m4-g82-g83-2021-2022-2023\/#primaryimage"},"thumbnailUrl":"https:\/\/11autoparts.com\/wp-content\/uploads\/2025\/07\/\u5fae\u4fe1\u56fe\u7247_20250718151626.png","datePublished":"2025-07-18T07:12:14+00:00","dateModified":"2025-07-18T07:21:20+00:00","breadcrumb":{"@id":"https:\/\/11autoparts.com\/product\/yellow-drl-led-modules-board-set-daytime-running-light-led-module-for-bmw-3-series-g22-g23-g26-m3-g80-m4-g82-g83-2021-2022-2023\/#breadcrumb"},"inLanguage":"de","potentialAction":[{"@type":"ReadAction","target":["https:\/\/11autoparts.com\/product\/yellow-drl-led-modules-board-set-daytime-running-light-led-module-for-bmw-3-series-g22-g23-g26-m3-g80-m4-g82-g83-2021-2022-2023\/"]}]},{"@type":"ImageObject","inLanguage":"de","@id":"https:\/\/11autoparts.com\/product\/yellow-drl-led-modules-board-set-daytime-running-light-led-module-for-bmw-3-series-g22-g23-g26-m3-g80-m4-g82-g83-2021-2022-2023\/#primaryimage","url":"https:\/\/11autoparts.com\/wp-content\/uploads\/2025\/07\/\u5fae\u4fe1\u56fe\u7247_20250718151626.png","contentUrl":"https:\/\/11autoparts.com\/wp-content\/uploads\/2025\/07\/\u5fae\u4fe1\u56fe\u7247_20250718151626.png","width":726,"height":726},{"@type":"BreadcrumbList","@id":"https:\/\/11autoparts.com\/product\/yellow-drl-led-modules-board-set-daytime-running-light-led-module-for-bmw-3-series-g22-g23-g26-m3-g80-m4-g82-g83-2021-2022-2023\/#breadcrumb","itemListElement":[{"@type":"ListItem","position":1,"name":"\u9996\u9875","item":"https:\/\/11autoparts.com\/"},{"@type":"ListItem","position":2,"name":"Shop","item":"https:\/\/11autoparts.com\/shop\/"},{"@type":"ListItem","position":3,"name":"Yellow DRL LED Modules Board Set, Daytime Running Light LED Module for BMW 3 Series G22 G23 G26 M3 G80 M4 G82 G83 2021 2022 2023"}]},{"@type":"WebSite","@id":"https:\/\/11autoparts.com\/#website","url":"https:\/\/11autoparts.com\/","name":"11 Auto Parts","description":"11 Auto Parts Co., LTD.","publisher":{"@id":"https:\/\/11autoparts.com\/#organization"},"potentialAction":[{"@type":"SearchAction","target":{"@type":"EntryPoint","urlTemplate":"https:\/\/11autoparts.com\/?s={search_term_string}"},"query-input":{"@type":"PropertyValueSpecification","valueRequired":true,"valueName":"search_term_string"}}],"inLanguage":"de"},{"@type":"Organization","@id":"https:\/\/11autoparts.com\/#organization","name":"11 Auto Parts","url":"https:\/\/11autoparts.com\/","logo":{"@type":"ImageObject","inLanguage":"de","@id":"https:\/\/11autoparts.com\/#\/schema\/logo\/image\/","url":"https:\/\/11autoparts.com\/wp-content\/uploads\/2025\/06\/logo2-1.png","contentUrl":"https:\/\/11autoparts.com\/wp-content\/uploads\/2025\/06\/logo2-1.png","width":512,"height":512,"caption":"11 Auto Parts"},"image":{"@id":"https:\/\/11autoparts.com\/#\/schema\/logo\/image\/"}}]}},"_links":{"self":[{"href":"https:\/\/11autoparts.com\/de\/wp-json\/wp\/v2\/product\/291","targetHints":{"allow":["GET"]}}],"collection":[{"href":"https:\/\/11autoparts.com\/de\/wp-json\/wp\/v2\/product"}],"about":[{"href":"https:\/\/11autoparts.com\/de\/wp-json\/wp\/v2\/types\/product"}],"replies":[{"embeddable":true,"href":"https:\/\/11autoparts.com\/de\/wp-json\/wp\/v2\/comments?post=291"}],"wp:featuredmedia":[{"embeddable":true,"href":"https:\/\/11autoparts.com\/de\/wp-json\/wp\/v2\/media\/296"}],"wp:attachment":[{"href":"https:\/\/11autoparts.com\/de\/wp-json\/wp\/v2\/media?parent=291"}],"wp:term":[{"taxonomy":"product_brand","embeddable":true,"href":"https:\/\/11autoparts.com\/de\/wp-json\/wp\/v2\/product_brand?post=291"},{"taxonomy":"product_cat","embeddable":true,"href":"https:\/\/11autoparts.com\/de\/wp-json\/wp\/v2\/product_cat?post=291"},{"taxonomy":"product_tag","embeddable":true,"href":"https:\/\/11autoparts.com\/de\/wp-json\/wp\/v2\/product_tag?post=291"}],"curies":[{"name":"wp","href":"https:\/\/api.w.org\/{rel}","templated":true}]}}